{"id":1068,"date":"2017-07-21T13:14:44","date_gmt":"2017-07-21T11:14:44","guid":{"rendered":"http:\/\/leikopf-pokale.de\/web\/?page_id=1068"},"modified":"2022-12-22T18:06:30","modified_gmt":"2022-12-22T17:06:30","slug":"allgemeine-geschaeftsbedingungen","status":"publish","type":"page","link":"https:\/\/leikopf-pokale.de\/web\/allgemeine-geschaeftsbedingungen\/","title":{"rendered":"Allgemeine Gesch\u00e4ftsbedingungen und  Kundeninformationen"},"content":{"rendered":"<p><strong>\u00a7 1 Grundlegende Bestimmungen<\/strong><\/p>\n<p><strong>(1)<\/strong> Die nachstehenden Gesch\u00e4ftsbedingungen gelten f\u00fcr alle Vertr\u00e4ge, die Sie mit uns als Anbieter (Leikopf Pokale, Carmen Leikopf-Diehl e.K.) \u00fcber die Internetseite www.leikopf-pokale.de schlie\u00dfen.<br \/>\n<strong>(2)<\/strong> Verbraucher im Sinne der nachstehenden Regelungen ist jede nat\u00fcrliche Person, die ein Rechtsgesch\u00e4ft zu Zwecken abschlie\u00dft, die \u00fcberwiegend weder ihrer gewerblichen noch ihrer selbst\u00e4ndigen beruflichen T\u00e4tigkeit zugerechnet werden kann. Unternehmer ist jede nat\u00fcrliche oder juristische Person oder eine rechtsf\u00e4hige Personengesellschaft, die bei Abschluss eines Rechtsgesch\u00e4fts in Aus\u00fcbung ihrer selbst\u00e4ndigen beruflichen oder gewerblichen T\u00e4tigkeit handelt.<\/p>\n<p><strong>\u00a7 2 Zustandekommen des Vertrages<\/strong><\/p>\n<p><strong>(1)<\/strong> Gegenstand des Vertrages ist der Verkauf von Waren.<\/p>\n<p>Die Darstellung der Produkte im Online-Shop stellt kein rechtlich bindendes Angebot, sondern eine Aufforderung zur Bestellung dar. Irrt\u00fcmer vorbehalten.<br \/>\nDurch Anklicken des Buttons (zahlungspflichtig bestellen) geben Sie eine verbindliche Bestellung der auf der Bestellseite aufgelisteten Waren ab. Den Eingang Ihrer Bestellung best\u00e4tigen wir Ihnen per E-Mail mit einer Zugangsbest\u00e4tigung. Der Kaufvertrag kommt zustande, wenn wir Ihre Bestellung durch eine Auftragsbest\u00e4tigung per E-Mail annehmen.<\/p>\n<p><strong>\u00a7 3 Preise und Versandkosten<\/strong><\/p>\n<p>Die auf der Produktseite genannten Preise enthalten die gesetzliche Mehrwertsteuer und sonstige Preisbestandteile.<br \/>\nZus\u00e4tzlich zu den angegebenen Preisen berechnen wir f\u00fcr die Lieferung innerhalb Deutschlands pauschal 15 EUR pro Paket. Die Frachtkosten f\u00fcr Lieferung innerhalb der EU oder Drittland m\u00fcssen separat angefragt werden.<br \/>\nDie Frachtkosten werden Ihnen im Warenkorbsystem und auf der Bestellseite nochmals deutlich mitgeteilt.<br \/>\nAb 350 EUR Bestellwert ist die Lieferung versandkostenfrei.<\/p>\n<p><strong>\u00a7 4 Zahlung<\/strong><\/p>\n<p>Die Zahlung erfolgt wahlweise per PayPal, per Vorkasse oder per Rechnung.<\/p>\n<p><strong>\u00a7 5 Eigentumsvorbehalt, Erf\u00fcllungsort, Gerichtsstand<\/strong><\/p>\n<p>Bis zur vollst\u00e4ndigen Zahlung bleibt die Ware unser Eigentum.<br \/>\nErf\u00fcllungsort und Gerichtsstand ist unser Sitz (Arnsberg)<\/p>\n<p><strong>\u00a7 6 Datenschutz<\/strong><\/p>\n<p>Sie erkl\u00e4ren sich mit unseren <a href=\"https:\/\/leikopf-pokale.de\/web\/datenschutz\/\"><strong>Datenschutzbestimmungen<\/strong><\/a> einverstanden.<\/p>\n","protected":false},"excerpt":{"rendered":"<p>\u00a7 1 Grundlegende Bestimmungen (1) Die nachstehenden Gesch\u00e4ftsbedingungen gelten f\u00fcr alle Vertr\u00e4ge, die Sie mit uns als Anbieter (Leikopf Pokale, Carmen Leikopf-Diehl e.K.) \u00fcber die Internetseite www.leikopf-pokale.de schlie\u00dfen. (2) Verbraucher im Sinne der nachstehenden Regelungen ist jede nat\u00fcrliche Person, die ein Rechtsgesch\u00e4ft zu Zwecken abschlie\u00dft, die \u00fcberwiegend weder ihrer gewerblichen noch ihrer selbst\u00e4ndigen beruflichen T\u00e4tigkeit&#8230;<\/p>\n","protected":false},"author":1,"featured_media":0,"parent":0,"menu_order":0,"comment_status":"closed","ping_status":"closed","template":"","meta":{"footnotes":""},"class_list":["post-1068","page","type-page","status-publish","hentry"],"_links":{"self":[{"href":"https:\/\/leikopf-pokale.de\/web\/wp-json\/wp\/v2\/pages\/1068","targetHints":{"allow":["GET"]}}],"collection":[{"href":"https:\/\/leikopf-pokale.de\/web\/wp-json\/wp\/v2\/pages"}],"about":[{"href":"https:\/\/leikopf-pokale.de\/web\/wp-json\/wp\/v2\/types\/page"}],"author":[{"embeddable":true,"href":"https:\/\/leikopf-pokale.de\/web\/wp-json\/wp\/v2\/users\/1"}],"replies":[{"embeddable":true,"href":"https:\/\/leikopf-pokale.de\/web\/wp-json\/wp\/v2\/comments?post=1068"}],"version-history":[{"count":5,"href":"https:\/\/leikopf-pokale.de\/web\/wp-json\/wp\/v2\/pages\/1068\/revisions"}],"predecessor-version":[{"id":8254,"href":"https:\/\/leikopf-pokale.de\/web\/wp-json\/wp\/v2\/pages\/1068\/revisions\/8254"}],"wp:attachment":[{"href":"https:\/\/leikopf-pokale.de\/web\/wp-json\/wp\/v2\/media?parent=1068"}],"curies":[{"name":"wp","href":"https:\/\/api.w.org\/{rel}","templated":true}]}}