{"id":4702,"date":"2021-04-01T11:52:28","date_gmt":"2021-04-01T09:52:28","guid":{"rendered":"https:\/\/leikopf-pokale.de\/web\/?post_type=product&#038;p=4702"},"modified":"2023-11-27T16:13:05","modified_gmt":"2023-11-27T15:13:05","slug":"pokal-3137","status":"publish","type":"product","link":"https:\/\/leikopf-pokale.de\/web\/produkt\/pokal-3137\/","title":{"rendered":"Pokal 3137"},"content":{"rendered":"","protected":false},"excerpt":{"rendered":"<p>1. und 2. Gr\u00f6\u00dfe mit Kugelzwischenst\u00fcck<\/p>\n","protected":false},"featured_media":9743,"comment_status":"closed","ping_status":"closed","template":"","meta":[],"product_brand":[],"product_cat":[36,40,115],"product_tag":[38,96,51],"class_list":{"0":"post-4702","1":"product","2":"type-product","3":"status-publish","4":"has-post-thumbnail","6":"product_cat-pokale","7":"product_cat-silber","8":"product_cat-sonderangebote","9":"product_tag-pokal","10":"product_tag-pokale","11":"product_tag-silber","13":"first","14":"instock","15":"sale","16":"shipping-taxable","17":"purchasable","18":"product-type-variable"},"_links":{"self":[{"href":"https:\/\/leikopf-pokale.de\/web\/wp-json\/wp\/v2\/product\/4702","targetHints":{"allow":["GET"]}}],"collection":[{"href":"https:\/\/leikopf-pokale.de\/web\/wp-json\/wp\/v2\/product"}],"about":[{"href":"https:\/\/leikopf-pokale.de\/web\/wp-json\/wp\/v2\/types\/product"}],"replies":[{"embeddable":true,"href":"https:\/\/leikopf-pokale.de\/web\/wp-json\/wp\/v2\/comments?post=4702"}],"wp:featuredmedia":[{"embeddable":true,"href":"https:\/\/leikopf-pokale.de\/web\/wp-json\/wp\/v2\/media\/9743"}],"wp:attachment":[{"href":"https:\/\/leikopf-pokale.de\/web\/wp-json\/wp\/v2\/media?parent=4702"}],"wp:term":[{"taxonomy":"product_brand","embeddable":true,"href":"https:\/\/leikopf-pokale.de\/web\/wp-json\/wp\/v2\/product_brand?post=4702"},{"taxonomy":"product_cat","embeddable":true,"href":"https:\/\/leikopf-pokale.de\/web\/wp-json\/wp\/v2\/product_cat?post=4702"},{"taxonomy":"product_tag","embeddable":true,"href":"https:\/\/leikopf-pokale.de\/web\/wp-json\/wp\/v2\/product_tag?post=4702"}],"curies":[{"name":"wp","href":"https:\/\/api.w.org\/{rel}","templated":true}]}}