{"id":5873,"date":"2021-04-21T15:57:17","date_gmt":"2021-04-21T13:57:17","guid":{"rendered":"https:\/\/leikopf-pokale.de\/web\/?post_type=product&#038;p=5873"},"modified":"2021-04-22T09:17:40","modified_gmt":"2021-04-22T07:17:40","slug":"q-255","status":"publish","type":"product","link":"https:\/\/leikopf-pokale.de\/web\/produkt\/q-255\/","title":{"rendered":"Q 255 Fu\u00dfball"},"content":{"rendered":"","protected":false},"excerpt":{"rendered":"<p>Gussst\u00e4nder Fu\u00dfball<\/p>\n","protected":false},"featured_media":5874,"comment_status":"closed","ping_status":"closed","template":"","meta":[],"product_brand":[],"product_cat":[45,46],"product_tag":[56,54],"class_list":{"0":"post-5873","1":"product","2":"type-product","3":"status-publish","4":"has-post-thumbnail","6":"product_cat-figuren","7":"product_cat-fussball","8":"product_tag-fussball","9":"product_tag-sportfigur","11":"first","12":"instock","13":"sale","14":"shipping-taxable","15":"purchasable","16":"product-type-variable"},"_links":{"self":[{"href":"https:\/\/leikopf-pokale.de\/web\/wp-json\/wp\/v2\/product\/5873","targetHints":{"allow":["GET"]}}],"collection":[{"href":"https:\/\/leikopf-pokale.de\/web\/wp-json\/wp\/v2\/product"}],"about":[{"href":"https:\/\/leikopf-pokale.de\/web\/wp-json\/wp\/v2\/types\/product"}],"replies":[{"embeddable":true,"href":"https:\/\/leikopf-pokale.de\/web\/wp-json\/wp\/v2\/comments?post=5873"}],"wp:featuredmedia":[{"embeddable":true,"href":"https:\/\/leikopf-pokale.de\/web\/wp-json\/wp\/v2\/media\/5874"}],"wp:attachment":[{"href":"https:\/\/leikopf-pokale.de\/web\/wp-json\/wp\/v2\/media?parent=5873"}],"wp:term":[{"taxonomy":"product_brand","embeddable":true,"href":"https:\/\/leikopf-pokale.de\/web\/wp-json\/wp\/v2\/product_brand?post=5873"},{"taxonomy":"product_cat","embeddable":true,"href":"https:\/\/leikopf-pokale.de\/web\/wp-json\/wp\/v2\/product_cat?post=5873"},{"taxonomy":"product_tag","embeddable":true,"href":"https:\/\/leikopf-pokale.de\/web\/wp-json\/wp\/v2\/product_tag?post=5873"}],"curies":[{"name":"wp","href":"https:\/\/api.w.org\/{rel}","templated":true}]}}